{"id":86,"date":"2026-02-18T02:21:20","date_gmt":"2026-02-18T01:21:20","guid":{"rendered":"https:\/\/da.etsist.upm.es\/?page_id=86"},"modified":"2026-03-02T23:20:53","modified_gmt":"2026-03-02T22:20:53","slug":"wavelink","status":"publish","type":"page","link":"https:\/\/da.etsist.upm.es\/?page_id=86","title":{"rendered":"WaveLink"},"content":{"rendered":"\n<div class=\"wp-block-group alignfull has-background\" style=\"background-color:#013d8d\"><div class=\"wp-block-group__inner-container is-layout-constrained wp-block-group-is-layout-constrained\"><\/div><\/div>\n\n\n\n<p><\/p>\n\n\n\n<h2 class=\"wp-block-heading has-text-align-center\" style=\"font-size:57px\">\u00bfQu\u00e9 es WaveLink?<\/h2>\n\n\n\n<div class=\"wp-block-media-text alignfull has-media-on-the-right is-stacked-on-mobile\" style=\"padding-top:var(--wp--preset--spacing--40);padding-right:10rem;padding-bottom:var(--wp--preset--spacing--40);padding-left:10rem;grid-template-columns:auto 26%\"><div class=\"wp-block-media-text__content\">\n<p style=\"font-size:29px\">WaveLink nace en la ETSIST para acortar la distancia entre el aula y el entorno profesional. Somos el punto de encuentro estrat\u00e9gico dise\u00f1ado para conectar a las empresas l\u00edderes con nuestros futuros ingenieros de telecomunicaciones. Nuestro objetivo es doble: ofrecer al estudiantado una visi\u00f3n real de las oportunidades del mercado y proporcionar a las empresas acceso directo al talento, la innovaci\u00f3n y la motivaci\u00f3n de nuestra Escuela.<\/p>\n<\/div><figure class=\"wp-block-media-text__media\"><img loading=\"lazy\" decoding=\"async\" width=\"350\" height=\"250\" src=\"https:\/\/da.etsist.upm.es\/wp-content\/uploads\/2026\/03\/LogoWaveLinkPW2.png\" alt=\"\" class=\"wp-image-404 size-full\" srcset=\"https:\/\/da.etsist.upm.es\/wp-content\/uploads\/2026\/03\/LogoWaveLinkPW2.png 350w, https:\/\/da.etsist.upm.es\/wp-content\/uploads\/2026\/03\/LogoWaveLinkPW2-300x214.png 300w\" sizes=\"auto, (max-width: 350px) 100vw, 350px\" \/><\/figure><\/div>\n\n\n\n<div class=\"wp-block-cover aligncenter is-light ticss-d93a403d wp-duotone-dark-grayscale\" style=\"border-style:none;border-width:0px;border-top-left-radius:22px;border-top-right-radius:22px;border-bottom-left-radius:22px;border-bottom-right-radius:22px;margin-top:var(--wp--preset--spacing--50);margin-bottom:var(--wp--preset--spacing--50);padding-top:0;padding-right:0;padding-bottom:0;padding-left:0;min-height:112px;aspect-ratio:unset;\"><span aria-hidden=\"true\" class=\"wp-block-cover__background has-background-dim-30 has-background-dim\"><\/span><div class=\"wp-block-cover__inner-container is-layout-flow wp-container-core-cover-is-layout-32eaba3f wp-block-cover-is-layout-flow\">\n<div class=\"wp-block-group has-background is-vertical is-layout-flex wp-container-core-group-is-layout-995b3a28 wp-block-group-is-layout-flex\" style=\"background:linear-gradient(135deg,rgb(7,91,227) 0%,rgba(9,130,3,0.89) 45%,rgba(224,165,81,0.44) 100%);padding-top:var(--wp--preset--spacing--30);padding-right:0;padding-bottom:var(--wp--preset--spacing--30);padding-left:0\">\n<h3 data-wp-context---core-fit-text=\"core\/fit-text::{&quot;fontSize&quot;:&quot;&quot;}\" data-wp-init---core-fit-text=\"core\/fit-text::callbacks.init\" data-wp-interactive data-wp-style--font-size=\"core\/fit-text::context.fontSize\" class=\"wp-block-heading has-text-align-center has-fit-text wp-container-content-9cfa9a5a\" style=\"border-style:none;border-width:0px;padding-top:0;padding-right:var(--wp--preset--spacing--80);padding-bottom:0;padding-left:var(--wp--preset--spacing--80)\">&nbsp;Fecha: 4 de marzo de 2026.&nbsp;<\/h3>\n\n\n\n<h3 data-wp-context---core-fit-text=\"core\/fit-text::{&quot;fontSize&quot;:&quot;&quot;}\" data-wp-init---core-fit-text=\"core\/fit-text::callbacks.init\" data-wp-interactive data-wp-style--font-size=\"core\/fit-text::context.fontSize\" class=\"wp-block-heading has-text-align-center has-fit-text wp-container-content-e29552f7\">&nbsp;Lugar: La Rotonda, Campus sur.&nbsp;<\/h3>\n<\/div>\n<\/div><\/div>\n\n\n\n<div style=\"height:81px\" aria-hidden=\"true\" class=\"wp-block-spacer\"><\/div>\n\n\n\n<hr class=\"wp-block-separator has-alpha-channel-opacity\"\/>\n\n\n\n<div class=\"wp-block-group alignfull\"><div class=\"wp-block-group__inner-container is-layout-constrained wp-block-group-is-layout-constrained\">\n<h2 class=\"wp-block-heading has-text-align-center\" style=\"border-top-left-radius:22px;border-top-right-radius:22px;border-bottom-left-radius:22px;border-bottom-right-radius:22px;font-size:53px\">SPONSORS<\/h2>\n\n\n\n<div class=\"wp-block-columns alignfull has-white-background-color has-text-color has-background has-link-color wp-elements-cb444a1091486621b5b8bd53c652cb26 is-layout-flex wp-container-core-columns-is-layout-00530877 wp-block-columns-is-layout-flex\" style=\"border-style:none;border-width:0px;border-top-left-radius:0px;border-top-right-radius:0px;border-bottom-left-radius:0px;border-bottom-right-radius:0px;color:#c5c5c5;margin-top:0;margin-bottom:0;padding-top:0;padding-right:var(--wp--preset--spacing--80);padding-bottom:0;padding-left:var(--wp--preset--spacing--80)\">\n<div class=\"wp-block-column is-layout-flow wp-block-column-is-layout-flow\"><div class=\"wp-block-image\">\n<figure class=\"aligncenter size-large is-resized\"><img decoding=\"async\" src=\"https:\/\/images.prismic.io\/rakuten-europe\/d670cc47-d121-4537-a9b8-961188cf9338_huawei.png?auto=compress,format&amp;fit=fill&amp;fill=solid&amp;w=604&amp;h=340\" alt=\"\" style=\"aspect-ratio:1.7764950553881413;width:576px;height:auto\"\/><\/figure>\n<\/div><\/div>\n\n\n\n<div class=\"wp-block-column is-layout-flow wp-block-column-is-layout-flow\"><div class=\"wp-block-image\">\n<figure class=\"aligncenter size-large is-resized\"><img decoding=\"async\" src=\"https:\/\/www.gmv.com\/sites\/default\/files\/styles\/image_1000\/public\/content\/image\/2021\/11\/03\/115\/gmvpng.png?itok=NUWQSqne\" alt=\"\" style=\"aspect-ratio:1.3305758136497223;width:501px;height:auto\"\/><\/figure>\n<\/div><\/div>\n<\/div>\n\n\n\n<div style=\"height:35px\" aria-hidden=\"true\" class=\"wp-block-spacer\"><\/div>\n<\/div><\/div>\n\n\n\n<h2 class=\"wp-block-heading has-text-align-center\" style=\"font-size:55px\">\u00bfA qui\u00e9n va dirigido?<\/h2>\n\n\n\n<hr class=\"wp-block-separator has-alpha-channel-opacity\"\/>\n\n\n\n<p class=\"has-text-align-center has-black-color has-text-color has-link-color wp-elements-4b7dc399848c21ae35a77d5387ffe5bb\" style=\"padding-top:0;padding-right:0px;padding-bottom:0;padding-left:0px;font-size:24px\"><strong>WaveLink<\/strong> es un espacio abierto a todo el estudiantado de la Escuela, independientemente del curso en el que te encuentres. Queremos que el foro sea \u00fatil para cada etapa de tu formaci\u00f3n:<\/p>\n\n\n\n<div style=\"height:20px\" aria-hidden=\"true\" class=\"wp-block-spacer\"><\/div>\n\n\n\n<div class=\"wp-block-group alignfull\" style=\"min-height:0px;margin-top:0;margin-bottom:0;padding-top:var(--wp--preset--spacing--80);padding-right:var(--wp--preset--spacing--80);padding-bottom:var(--wp--preset--spacing--80);padding-left:var(--wp--preset--spacing--80);font-size:32px\"><div class=\"wp-block-group__inner-container is-layout-constrained wp-container-core-group-is-layout-9a1f3a0a wp-block-group-is-layout-constrained\">\n<div class=\"wp-block-columns are-vertically-aligned-center is-layout-flex wp-container-core-columns-is-layout-28f84493 wp-block-columns-is-layout-flex\">\n<div class=\"wp-block-column is-vertically-aligned-center is-layout-flow wp-block-column-is-layout-flow\" style=\"flex-basis:100%\">\n<div class=\"wp-block-columns is-layout-flex wp-container-core-columns-is-layout-28f84493 wp-block-columns-is-layout-flex\">\n<div class=\"wp-block-column is-layout-flow wp-block-column-is-layout-flow\">\n<ul class=\"wp-block-list\">\n<li style=\"font-size:26px\"><strong>Para alumnos de 1\u00ba y 2\u00ba curso:<\/strong> Nunca es pronto para empezar. Participar en el foro te permite <strong>adentrarte en el ecosistema profesional<\/strong> desde el principio. Podr\u00e1s interactuar con las empresas para descubrir qu\u00e9 perfiles son los m\u00e1s demandados, qu\u00e9 aptitudes (soft y hard skills) valoran y orientar as\u00ed tu formaci\u00f3n hacia las oportunidades reales del mercado.<\/li>\n<\/ul>\n<\/div>\n\n\n\n<div class=\"wp-block-column is-layout-flow wp-block-column-is-layout-flow\">\n<ul class=\"wp-block-list\">\n<li style=\"font-size:26px\"><strong>Para alumnos de 3\u00ba y 4\u00ba curso:<\/strong> Es el momento de pasar a la acci\u00f3n. Conecta directamente con empresas l\u00edderes que buscan incorporar talento para <strong>pr\u00e1cticas curriculares, extracurriculares y primeros empleos<\/strong>. Es tu oportunidad para presentar tu perfil, conocer procesos de selecci\u00f3n y asegurar tu salto al mundo laboral.<\/li>\n<\/ul>\n<\/div>\n<\/div>\n<\/div>\n<\/div>\n<\/div><\/div>\n\n\n\n<div style=\"height:103px\" aria-hidden=\"true\" class=\"wp-block-spacer\"><\/div>\n\n\n\n<h2 class=\"wp-block-heading has-text-align-center\" style=\"font-size:49px\">PROGRAMA T\u00c9CNICO<\/h2>\n\n\n\n<div style=\"height:14px\" aria-hidden=\"true\" class=\"wp-block-spacer\"><\/div>\n\n\n\n<figure class=\"wp-block-image alignwide size-full\" style=\"margin-top:0;margin-right:0;margin-bottom:0;margin-left:0\"><img loading=\"lazy\" decoding=\"async\" width=\"900\" height=\"427\" src=\"https:\/\/da.etsist.upm.es\/wp-content\/uploads\/2026\/03\/PLANIFICACION-1.png\" alt=\"\" class=\"wp-image-498\" srcset=\"https:\/\/da.etsist.upm.es\/wp-content\/uploads\/2026\/03\/PLANIFICACION-1.png 900w, https:\/\/da.etsist.upm.es\/wp-content\/uploads\/2026\/03\/PLANIFICACION-1-300x142.png 300w, https:\/\/da.etsist.upm.es\/wp-content\/uploads\/2026\/03\/PLANIFICACION-1-768x364.png 768w\" sizes=\"auto, (max-width: 900px) 100vw, 900px\" \/><\/figure>\n\n\n\n<div style=\"height:39px\" aria-hidden=\"true\" class=\"wp-block-spacer\"><\/div>\n\n\n\n<hr class=\"wp-block-separator has-alpha-channel-opacity\"\/>\n\n\n\n<h2 class=\"wp-block-heading has-text-align-center has-black-color has-text-color has-link-color wp-elements-ff906edb8fbd36b70d977dc6d0ef65cd\" style=\"font-size:44px\">EMPRESAS PLATINUM<\/h2>\n\n\n\n<div style=\"height:25px\" aria-hidden=\"true\" class=\"wp-block-spacer\"><\/div>\n\n\n\n<figure class=\"wp-block-image alignwide size-full has-custom-border is-style-default\"><img loading=\"lazy\" decoding=\"async\" width=\"960\" height=\"540\" src=\"https:\/\/da.etsist.upm.es\/wp-content\/uploads\/2026\/03\/Diseno-sin-titulo.jpg\" alt=\"\" class=\"wp-image-505\" style=\"border-style:none;border-width:0px\" srcset=\"https:\/\/da.etsist.upm.es\/wp-content\/uploads\/2026\/03\/Diseno-sin-titulo.jpg 960w, https:\/\/da.etsist.upm.es\/wp-content\/uploads\/2026\/03\/Diseno-sin-titulo-300x169.jpg 300w, https:\/\/da.etsist.upm.es\/wp-content\/uploads\/2026\/03\/Diseno-sin-titulo-768x432.jpg 768w\" sizes=\"auto, (max-width: 960px) 100vw, 960px\" \/><\/figure>\n\n\n\n<div style=\"height:37px\" aria-hidden=\"true\" class=\"wp-block-spacer\"><\/div>\n\n\n\n<hr class=\"wp-block-separator has-alpha-channel-opacity\"\/>\n\n\n\n<h2 class=\"wp-block-heading has-text-align-center has-black-color has-text-color has-link-color wp-elements-61ed7a7231e8d412fe214acac05deae5\" style=\"font-size:44px\">EMPRESAS STANDARD<\/h2>\n\n\n\n<div style=\"height:25px\" aria-hidden=\"true\" class=\"wp-block-spacer\"><\/div>\n\n\n\n<figure class=\"wp-block-image alignwide size-full\"><img loading=\"lazy\" decoding=\"async\" width=\"960\" height=\"540\" src=\"https:\/\/da.etsist.upm.es\/wp-content\/uploads\/2026\/03\/Diseno-sin-titulo-4.jpg\" alt=\"\" class=\"wp-image-518\" srcset=\"https:\/\/da.etsist.upm.es\/wp-content\/uploads\/2026\/03\/Diseno-sin-titulo-4.jpg 960w, https:\/\/da.etsist.upm.es\/wp-content\/uploads\/2026\/03\/Diseno-sin-titulo-4-300x169.jpg 300w, https:\/\/da.etsist.upm.es\/wp-content\/uploads\/2026\/03\/Diseno-sin-titulo-4-768x432.jpg 768w\" sizes=\"auto, (max-width: 960px) 100vw, 960px\" \/><\/figure>\n\n\n\n<div style=\"height:100px\" aria-hidden=\"true\" class=\"wp-block-spacer\"><\/div>\n\n\n\n<hr class=\"wp-block-separator has-alpha-channel-opacity\"\/>\n\n\n\n<h2 class=\"wp-block-heading has-text-align-center\" style=\"font-size:44px\">INVITADOS<\/h2>\n\n\n\n<figure class=\"wp-block-image size-full\"><img loading=\"lazy\" decoding=\"async\" width=\"960\" height=\"540\" src=\"https:\/\/da.etsist.upm.es\/wp-content\/uploads\/2026\/03\/Diseno-sin-titulo-1.jpg\" alt=\"\" class=\"wp-image-523\" srcset=\"https:\/\/da.etsist.upm.es\/wp-content\/uploads\/2026\/03\/Diseno-sin-titulo-1.jpg 960w, https:\/\/da.etsist.upm.es\/wp-content\/uploads\/2026\/03\/Diseno-sin-titulo-1-300x169.jpg 300w, https:\/\/da.etsist.upm.es\/wp-content\/uploads\/2026\/03\/Diseno-sin-titulo-1-768x432.jpg 768w\" sizes=\"auto, (max-width: 960px) 100vw, 960px\" \/><\/figure>\n","protected":false},"excerpt":{"rendered":"<p>\u00bfQu\u00e9 es WaveLink? WaveLink nace en la ETSIST para acortar la distancia entre el aula y el entorno profesional. Somos el punto de encuentro estrat\u00e9gico dise\u00f1ado para conectar a las empresas l\u00edderes con nuestros futuros ingenieros de telecomunicaciones. Nuestro objetivo es doble: ofrecer al estudiantado una visi\u00f3n real de las [&hellip;]<\/p>\n","protected":false},"author":1,"featured_media":528,"parent":0,"menu_order":0,"comment_status":"closed","ping_status":"closed","template":"","meta":{"_themeisle_gutenberg_block_has_review":false,"footnotes":""},"class_list":["post-86","page","type-page","status-publish","has-post-thumbnail","hentry"],"_links":{"self":[{"href":"https:\/\/da.etsist.upm.es\/index.php?rest_route=\/wp\/v2\/pages\/86","targetHints":{"allow":["GET"]}}],"collection":[{"href":"https:\/\/da.etsist.upm.es\/index.php?rest_route=\/wp\/v2\/pages"}],"about":[{"href":"https:\/\/da.etsist.upm.es\/index.php?rest_route=\/wp\/v2\/types\/page"}],"author":[{"embeddable":true,"href":"https:\/\/da.etsist.upm.es\/index.php?rest_route=\/wp\/v2\/users\/1"}],"replies":[{"embeddable":true,"href":"https:\/\/da.etsist.upm.es\/index.php?rest_route=%2Fwp%2Fv2%2Fcomments&post=86"}],"version-history":[{"count":88,"href":"https:\/\/da.etsist.upm.es\/index.php?rest_route=\/wp\/v2\/pages\/86\/revisions"}],"predecessor-version":[{"id":533,"href":"https:\/\/da.etsist.upm.es\/index.php?rest_route=\/wp\/v2\/pages\/86\/revisions\/533"}],"wp:featuredmedia":[{"embeddable":true,"href":"https:\/\/da.etsist.upm.es\/index.php?rest_route=\/wp\/v2\/media\/528"}],"wp:attachment":[{"href":"https:\/\/da.etsist.upm.es\/index.php?rest_route=%2Fwp%2Fv2%2Fmedia&parent=86"}],"curies":[{"name":"wp","href":"https:\/\/api.w.org\/{rel}","templated":true}]}}