{"id":90,"date":"2026-02-18T02:22:11","date_gmt":"2026-02-18T01:22:11","guid":{"rendered":"https:\/\/da.etsist.upm.es\/?page_id=90"},"modified":"2026-03-16T11:15:52","modified_gmt":"2026-03-16T10:15:52","slug":"representacion-del-alumnado","status":"publish","type":"page","link":"https:\/\/da.etsist.upm.es\/?page_id=90","title":{"rendered":"Representaci\u00f3n del alumnado"},"content":{"rendered":"\n<h2 class=\"wp-block-heading has-text-align-center has-black-color has-text-color has-link-color wp-elements-b0251ebefce0e27eece3dda209dc69ed\">Tipos de representaci\u00f3n en la escuela<\/h2>\n\n\n\n<div class=\"wp-block-group alignwide has-black-color has-text-color has-background has-link-color wp-elements-230b3bd95f61681ed85248f2c6d6578c\" style=\"border-top-left-radius:3vh;border-top-right-radius:3vh;border-bottom-left-radius:3vh;border-bottom-right-radius:3vh;background-color:#3e33d999\"><div class=\"wp-block-group__inner-container is-layout-constrained wp-block-group-is-layout-constrained\">\n<div class=\"wp-block-group\" style=\"padding-right:var(--wp--preset--spacing--30);padding-bottom:var(--wp--preset--spacing--30);padding-left:var(--wp--preset--spacing--30)\"><div class=\"wp-block-group__inner-container is-layout-constrained wp-container-core-group-is-layout-6bd32d19 wp-block-group-is-layout-constrained\">\n<h2 class=\"wp-block-heading has-black-color has-text-color has-link-color wp-elements-9cf9168c4c701624b2b42475a3eaa89d\" style=\"font-size:24px\">Junta de Delegados (JD)<\/h2>\n<\/div><\/div>\n\n\n\n<div class=\"wp-block-group is-layout-grid wp-container-core-group-is-layout-37af8013 wp-block-group-is-layout-grid\" style=\"padding-top:var(--wp--preset--spacing--30);padding-right:var(--wp--preset--spacing--30);padding-bottom:var(--wp--preset--spacing--30);padding-left:var(--wp--preset--spacing--30)\">\n<div class=\"wp-block-group has-electric-grass-gradient-background has-background wp-container-content-6df3295e\" style=\"border-top-left-radius:2vh;border-top-right-radius:2vh;border-bottom-left-radius:2vh;border-bottom-right-radius:2vh;margin-top:0;margin-bottom:0;padding-top:var(--wp--preset--spacing--30);padding-right:var(--wp--preset--spacing--30);padding-bottom:var(--wp--preset--spacing--30);padding-left:var(--wp--preset--spacing--30)\"><div class=\"wp-block-group__inner-container is-layout-constrained wp-container-core-group-is-layout-946f663b wp-block-group-is-layout-constrained\">\n<h3 class=\"wp-block-heading has-text-align-center has-black-color has-text-color has-link-color has-medium-font-size wp-elements-809a035c1b5e8eb0dde7546cc1178cb1\" style=\"margin-top:var(--wp--preset--spacing--40);margin-right:0;margin-bottom:var(--wp--preset--spacing--40);margin-left:0;padding-right:var(--wp--preset--spacing--30);padding-left:var(--wp--preset--spacing--30)\">Consejos de departamentos<\/h3>\n\n\n\n<p class=\"has-text-align-center\" style=\"padding-right:var(--wp--preset--spacing--30);padding-left:var(--wp--preset--spacing--30);font-size:15px\">Reuni\u00f3n con profes de departamentos.<\/p>\n<\/div><\/div>\n\n\n\n<div class=\"wp-block-group has-electric-grass-gradient-background has-background wp-container-content-6df3295e\" style=\"border-top-left-radius:2vh;border-top-right-radius:2vh;border-bottom-left-radius:2vh;border-bottom-right-radius:2vh;margin-top:0;margin-bottom:0;padding-top:var(--wp--preset--spacing--30);padding-right:var(--wp--preset--spacing--30);padding-bottom:var(--wp--preset--spacing--30);padding-left:var(--wp--preset--spacing--30)\"><div class=\"wp-block-group__inner-container is-layout-constrained wp-container-core-group-is-layout-946f663b wp-block-group-is-layout-constrained\">\n<h3 class=\"wp-block-heading has-text-align-center has-black-color has-text-color has-link-color has-medium-font-size wp-elements-4d3988d20b980b33a92cf026f32a0d01\" style=\"margin-top:var(--wp--preset--spacing--40);margin-right:0;margin-bottom:var(--wp--preset--spacing--40);margin-left:0;padding-right:var(--wp--preset--spacing--30);padding-left:var(--wp--preset--spacing--30)\">Consejo de Escuela (CE)<\/h3>\n\n\n\n<p class=\"has-text-align-center\" style=\"padding-right:var(--wp--preset--spacing--30);padding-left:var(--wp--preset--spacing--30);font-size:15px\">Reuni\u00f3n con equipo directivo y rep. departamental.<\/p>\n<\/div><\/div>\n\n\n\n<div class=\"wp-block-group has-electric-grass-gradient-background has-background wp-container-content-6df3295e\" style=\"border-top-left-radius:2vh;border-top-right-radius:2vh;border-bottom-left-radius:2vh;border-bottom-right-radius:2vh;margin-top:0;margin-bottom:0;padding-top:var(--wp--preset--spacing--30);padding-right:var(--wp--preset--spacing--30);padding-bottom:var(--wp--preset--spacing--30);padding-left:var(--wp--preset--spacing--30)\"><div class=\"wp-block-group__inner-container is-layout-constrained wp-container-core-group-is-layout-946f663b wp-block-group-is-layout-constrained\">\n<h3 class=\"wp-block-heading has-text-align-center has-black-color has-text-color has-link-color has-medium-font-size wp-elements-25009c94c7b41fa470a34d59df2bb5df\" style=\"margin-top:var(--wp--preset--spacing--40);margin-right:0;margin-bottom:var(--wp--preset--spacing--40);margin-left:0;padding-right:var(--wp--preset--spacing--30);padding-left:var(--wp--preset--spacing--30)\">Delegados de Curso y Titulaci\u00f3n<\/h3>\n\n\n\n<p class=\"has-text-align-center\" style=\"padding-right:var(--wp--preset--spacing--30);padding-left:var(--wp--preset--spacing--30);font-size:15px\">Elegidos entre los delegados de grupo.<\/p>\n<\/div><\/div>\n<\/div>\n<\/div><\/div>\n\n\n\n<h2 class=\"wp-block-heading has-text-align-center has-black-color has-text-color has-link-color wp-elements-0e0cf437bec7ff7aab7d41fec80e6b9c\">Tipos de representaci\u00f3n en la universidad<\/h2>\n\n\n\n<div class=\"wp-block-group alignwide is-layout-grid wp-container-core-group-is-layout-e2bd5cb0 wp-block-group-is-layout-grid\">\n<div class=\"wp-block-group has-background wp-container-content-5156b72b is-layout-grid wp-container-core-group-is-layout-6e733379 wp-block-group-is-layout-grid\" style=\"border-top-left-radius:2vh;border-top-right-radius:2vh;border-bottom-left-radius:2vh;border-bottom-right-radius:2vh;background-color:#1867b7a6;padding-top:var(--wp--preset--spacing--30);padding-right:var(--wp--preset--spacing--30);padding-bottom:var(--wp--preset--spacing--30);padding-left:var(--wp--preset--spacing--30)\">\n<div class=\"wp-block-group wp-container-content-6df3295e\" style=\"border-top-left-radius:2vh;border-top-right-radius:2vh;border-bottom-left-radius:2vh;border-bottom-right-radius:2vh;margin-top:0;margin-bottom:0;padding-top:var(--wp--preset--spacing--30);padding-right:0;padding-bottom:var(--wp--preset--spacing--30);padding-left:0\"><div class=\"wp-block-group__inner-container is-layout-constrained wp-container-core-group-is-layout-0b1258bd wp-block-group-is-layout-constrained\">\n<h3 class=\"wp-block-heading has-text-align-center has-black-color has-text-color has-link-color has-medium-font-size wp-elements-f16066e2c671a75ffad7f5d6cf5a7941\">Consejo de Estudiantes (CE)<\/h3>\n\n\n\n<p class=\"has-text-align-center has-black-color has-text-color has-link-color wp-elements-44871c433e7f00b6c4787d66553bc958\" style=\"font-size:15px\">Conformado por el Consejo de Delegados y los estudiantes del Claustro universitario<\/p>\n<\/div><\/div>\n\n\n\n<div class=\"wp-block-group has-electric-grass-gradient-background has-background wp-container-content-6df3295e\" style=\"border-top-left-radius:2vh;border-top-right-radius:2vh;border-bottom-left-radius:2vh;border-bottom-right-radius:2vh;margin-top:0;margin-bottom:0;padding-top:var(--wp--preset--spacing--30);padding-right:var(--wp--preset--spacing--30);padding-bottom:var(--wp--preset--spacing--30);padding-left:var(--wp--preset--spacing--30)\"><div class=\"wp-block-group__inner-container is-layout-constrained wp-container-core-group-is-layout-946f663b wp-block-group-is-layout-constrained\">\n<h3 class=\"wp-block-heading has-text-align-center has-black-color has-text-color has-link-color has-medium-font-size wp-elements-05087e0b1a8f5e9f4ec7f89d35f29215\">Consejo de Delegados (CD)<\/h3>\n\n\n\n<p class=\"has-text-align-center has-black-color has-text-color has-link-color wp-elements-fe710403a7c5fc0b076866a01d994c82\" style=\"font-size:15px\">Conformado por los Delegados y Subdelegados I de cada Escuela.<\/p>\n\n\n\n<p class=\"has-text-align-center has-black-color has-text-color has-link-color wp-elements-ce627458232d43d417b11b851db4e30f\" style=\"font-size:15px\">Es el mayor \u00f3rgano de representaci\u00f3n entre las delegaciones<\/p>\n<\/div><\/div>\n\n\n\n<div class=\"wp-block-group has-electric-grass-gradient-background has-background wp-container-content-6df3295e\" style=\"border-top-left-radius:2vh;border-top-right-radius:2vh;border-bottom-left-radius:2vh;border-bottom-right-radius:2vh;margin-top:0;margin-bottom:0;padding-top:var(--wp--preset--spacing--30);padding-right:var(--wp--preset--spacing--30);padding-bottom:var(--wp--preset--spacing--30);padding-left:var(--wp--preset--spacing--30)\"><div class=\"wp-block-group__inner-container is-layout-constrained wp-container-core-group-is-layout-946f663b wp-block-group-is-layout-constrained\">\n<h3 class=\"wp-block-heading has-text-align-center has-black-color has-text-color has-link-color has-medium-font-size wp-elements-10bbc61d3cd1a8178a6718a272eaf477\">Claustro universitario<\/h3>\n\n\n\n<p class=\"has-text-align-center has-black-color has-text-color has-link-color wp-elements-34845de570aa4fe8295adcda93f94e9c\" style=\"font-size:15px\">Segundo \u00f3rgano de representaci\u00f3n mayor dentro de la UPM, conformado por todos los grupos (PTGAS, PDI y Alumnos)<\/p>\n<\/div><\/div>\n<\/div>\n\n\n\n<div class=\"wp-block-group has-electric-grass-gradient-background has-background wp-container-content-db1bbc15\" style=\"border-top-left-radius:2vh;border-top-right-radius:2vh;border-bottom-left-radius:2vh;border-bottom-right-radius:2vh;margin-top:0;margin-bottom:0;padding-top:var(--wp--preset--spacing--30);padding-right:var(--wp--preset--spacing--30);padding-bottom:var(--wp--preset--spacing--30);padding-left:var(--wp--preset--spacing--30)\"><div class=\"wp-block-group__inner-container is-layout-constrained wp-container-core-group-is-layout-946f663b wp-block-group-is-layout-constrained\">\n<h3 class=\"wp-block-heading has-text-align-center has-black-color has-text-color has-link-color has-medium-font-size wp-elements-19a14fbc94c683b74bd58ba8e4298bba\">Delegaci\u00f3n de Estudiantes de la UPM (DEUPM)<\/h3>\n\n\n\n<p class=\"has-text-align-center has-black-color has-text-color has-link-color wp-elements-74dfebf9a5231221e6512f57618e7fcf\" style=\"font-size:15px\">Delegaci\u00f3n Central, apoyo y cabeza de las dem\u00e1s delegaciones de la UPM<\/p>\n<\/div><\/div>\n<\/div>\n\n\n\n<h2 class=\"wp-block-heading has-text-align-center has-black-color has-text-color has-link-color wp-elements-0f90b8d7498628286c9acacc860313f5\">Porque es importante la representaci\u00f3n<\/h2>\n\n\n\n<div class=\"wp-block-group\"><div class=\"wp-block-group__inner-container is-layout-constrained wp-block-group-is-layout-constrained\">\n<p class=\"has-text-align-center has-black-color has-text-color has-link-color wp-elements-213b82d53932a42fbddfe8956905d413\">En la UPM, los miembros de delegaci\u00f3n generalmente, nos dedicamos a luchar por los derechos de los alumnos e intentamos proponer y llevar a cabo mejoras en todos los \u00e1mbitos.<br>En todos los consejos y comisiones tenemos un porcentaje que siempre cubrimos y le sacamos el m\u00e1ximo partido en la medida de lo posible.<br>Para los alumnos representados, estamos abiertos a propuestas que se quieran comunicar tanto dirigido a la Escuela como a la universidad, esperamos vuestras sugerencias.<\/p>\n\n\n\n<p class=\"has-text-align-center has-black-color has-text-color has-link-color wp-elements-31ef8a46bf82daa30dab4b6adf99fd54\"><\/p>\n<\/div><\/div>\n","protected":false},"excerpt":{"rendered":"<p>Tipos de representaci\u00f3n en la escuela Junta de Delegados (JD) Consejos de departamentos Reuni\u00f3n con profes de departamentos. Consejo de Escuela (CE) Reuni\u00f3n con equipo directivo y rep. departamental. Delegados de Curso y Titulaci\u00f3n Elegidos entre los delegados de grupo. Tipos de representaci\u00f3n en la universidad Consejo de Estudiantes (CE) [&hellip;]<\/p>\n","protected":false},"author":1,"featured_media":0,"parent":0,"menu_order":0,"comment_status":"closed","ping_status":"closed","template":"","meta":{"_themeisle_gutenberg_block_has_review":false,"footnotes":""},"class_list":["post-90","page","type-page","status-publish","hentry"],"_links":{"self":[{"href":"https:\/\/da.etsist.upm.es\/index.php?rest_route=\/wp\/v2\/pages\/90","targetHints":{"allow":["GET"]}}],"collection":[{"href":"https:\/\/da.etsist.upm.es\/index.php?rest_route=\/wp\/v2\/pages"}],"about":[{"href":"https:\/\/da.etsist.upm.es\/index.php?rest_route=\/wp\/v2\/types\/page"}],"author":[{"embeddable":true,"href":"https:\/\/da.etsist.upm.es\/index.php?rest_route=\/wp\/v2\/users\/1"}],"replies":[{"embeddable":true,"href":"https:\/\/da.etsist.upm.es\/index.php?rest_route=%2Fwp%2Fv2%2Fcomments&post=90"}],"version-history":[{"count":65,"href":"https:\/\/da.etsist.upm.es\/index.php?rest_route=\/wp\/v2\/pages\/90\/revisions"}],"predecessor-version":[{"id":535,"href":"https:\/\/da.etsist.upm.es\/index.php?rest_route=\/wp\/v2\/pages\/90\/revisions\/535"}],"wp:attachment":[{"href":"https:\/\/da.etsist.upm.es\/index.php?rest_route=%2Fwp%2Fv2%2Fmedia&parent=90"}],"curies":[{"name":"wp","href":"https:\/\/api.w.org\/{rel}","templated":true}]}}